{"id":1148,"date":"2022-11-05T10:12:07","date_gmt":"2022-11-05T10:12:07","guid":{"rendered":"https:\/\/tecmec.shop\/product\/tecmec-coperchio-dosatore-e-miscelatore-025-lt-1-pz\/"},"modified":"2022-11-09T17:10:32","modified_gmt":"2022-11-09T17:10:32","slug":"tecmec-couvercle-de-dosage-et-de-melange-025-l-1-pc","status":"publish","type":"product","link":"https:\/\/tecmec.shop\/fr\/prodotto\/tecmec-couvercle-de-dosage-et-de-melange-025-l-1-pc\/","title":{"rendered":"TECMEC Couvercle de dosage et de m\u00e9lange 0,25 l (1 pc.)"},"content":{"rendered":"<p>BO\u00ceTE de 1 Couvercle doseur et m\u00e9langeur pour bidons 0,25 Litre avec diam\u00e8tre \u00d8 112mm, compos\u00e9 d&rsquo;un bouchon et d&rsquo;une tige en plastique, hauteur 192mm, en POM, convient pour les produits \u00e0 base d&rsquo;eau ou de solvant. Ce couvercle est \u00e0 utiliser exclusivement avec le shaker Sirio HH.<\/p>\n","protected":false},"excerpt":{"rendered":"<p>BO\u00ceTE de 1 couvercle.<\/p>\n","protected":false},"featured_media":862,"template":"","meta":{"slim_seo":{"title":"TECMEC Couvercle de dosage et de m\u00e9lange 0,25 l (1 pc.) - TecMec Shop","description":"BO\u00ceTE de 1 couvercle."}},"product_brand":[],"product_cat":[63],"product_tag":[],"class_list":{"0":"post-1148","1":"product","2":"type-product","3":"status-publish","4":"has-post-thumbnail","6":"product_cat-couvercles-melangeur","7":"product_shipping_class-costo-fisso-20","9":"first","10":"instock","11":"taxable","12":"shipping-taxable","13":"purchasable","14":"product-type-simple"},"_links":{"self":[{"href":"https:\/\/tecmec.shop\/fr\/wp-json\/wp\/v2\/product\/1148","targetHints":{"allow":["GET"]}}],"collection":[{"href":"https:\/\/tecmec.shop\/fr\/wp-json\/wp\/v2\/product"}],"about":[{"href":"https:\/\/tecmec.shop\/fr\/wp-json\/wp\/v2\/types\/product"}],"wp:featuredmedia":[{"embeddable":true,"href":"https:\/\/tecmec.shop\/fr\/wp-json\/wp\/v2\/media\/862"}],"wp:attachment":[{"href":"https:\/\/tecmec.shop\/fr\/wp-json\/wp\/v2\/media?parent=1148"}],"wp:term":[{"taxonomy":"product_brand","embeddable":true,"href":"https:\/\/tecmec.shop\/fr\/wp-json\/wp\/v2\/product_brand?post=1148"},{"taxonomy":"product_cat","embeddable":true,"href":"https:\/\/tecmec.shop\/fr\/wp-json\/wp\/v2\/product_cat?post=1148"},{"taxonomy":"product_tag","embeddable":true,"href":"https:\/\/tecmec.shop\/fr\/wp-json\/wp\/v2\/product_tag?post=1148"}],"curies":[{"name":"wp","href":"https:\/\/api.w.org\/{rel}","templated":true}]}}