{"id":1158,"date":"2022-11-05T15:06:58","date_gmt":"2022-11-05T15:06:58","guid":{"rendered":"https:\/\/tecmec.shop\/product\/tecmec-coperchio-dosatore-e-miscelatore-05-lt-18-pz\/"},"modified":"2022-11-09T17:23:50","modified_gmt":"2022-11-09T17:23:50","slug":"couvercle-de-dosage-et-de-melange-tecmec-05-lt-18-pcs-2","status":"publish","type":"product","link":"https:\/\/tecmec.shop\/fr\/prodotto\/couvercle-de-dosage-et-de-melange-tecmec-05-lt-18-pcs-2\/","title":{"rendered":"Couvercle de dosage et de m\u00e9lange TECMEC 0,5 lt.(18 pcs.)"},"content":{"rendered":"<p>BO\u00ceTE de 18 couvercles doseurs et m\u00e9langeurs de bidons 0,5 litre, diam\u00e8tre \u00d8 112mm, compos\u00e9 d&rsquo;un bouchon et d&rsquo;une tige en plastique, hauteur 192mm, en POM, convient pour les produits \u00e0 base d&rsquo;eau ou de solvant. Ce couvercle est \u00e0 utiliser exclusivement avec le shaker Sirio HH.<\/p>\n","protected":false},"excerpt":{"rendered":"<p>BO\u00ceTE de 18 pi\u00e8ces par bo\u00eete 0,5 litre Diam\u00e8tre \u00d8112mm.<\/p>\n","protected":false},"featured_media":1313,"template":"","meta":{"slim_seo":{"title":"Couvercle de dosage et de m\u00e9lange TECMEC 0,5 lt.(18 pcs.) - TecMec Shop","description":"BO\u00ceTE de 18 pi\u00e8ces par bo\u00eete 0,5 litre Diam\u00e8tre \u00d8112mm."}},"product_brand":[],"product_cat":[63],"product_tag":[],"class_list":{"0":"post-1158","1":"product","2":"type-product","3":"status-publish","4":"has-post-thumbnail","6":"product_cat-couvercles-melangeur","7":"product_shipping_class-costo-fisso-20","9":"first","10":"instock","11":"taxable","12":"shipping-taxable","13":"purchasable","14":"product-type-simple"},"_links":{"self":[{"href":"https:\/\/tecmec.shop\/fr\/wp-json\/wp\/v2\/product\/1158","targetHints":{"allow":["GET"]}}],"collection":[{"href":"https:\/\/tecmec.shop\/fr\/wp-json\/wp\/v2\/product"}],"about":[{"href":"https:\/\/tecmec.shop\/fr\/wp-json\/wp\/v2\/types\/product"}],"wp:featuredmedia":[{"embeddable":true,"href":"https:\/\/tecmec.shop\/fr\/wp-json\/wp\/v2\/media\/1313"}],"wp:attachment":[{"href":"https:\/\/tecmec.shop\/fr\/wp-json\/wp\/v2\/media?parent=1158"}],"wp:term":[{"taxonomy":"product_brand","embeddable":true,"href":"https:\/\/tecmec.shop\/fr\/wp-json\/wp\/v2\/product_brand?post=1158"},{"taxonomy":"product_cat","embeddable":true,"href":"https:\/\/tecmec.shop\/fr\/wp-json\/wp\/v2\/product_cat?post=1158"},{"taxonomy":"product_tag","embeddable":true,"href":"https:\/\/tecmec.shop\/fr\/wp-json\/wp\/v2\/product_tag?post=1158"}],"curies":[{"name":"wp","href":"https:\/\/api.w.org\/{rel}","templated":true}]}}